{"id":501,"date":"2016-09-27T15:47:43","date_gmt":"2016-09-27T15:47:43","guid":{"rendered":"http:\/\/fitness2.mythemecloud.io\/?page_id=501"},"modified":"2026-02-04T09:11:52","modified_gmt":"2026-02-04T08:11:52","slug":"research","status":"publish","type":"page","link":"https:\/\/thomasvignaud.com\/index.php\/research\/","title":{"rendered":"Research"},"content":{"rendered":"\n<p>Scientific research has not always been my primary occupation. I spent several years working in the private sector, and later in fundraising and the management of large-scale sustainable development projects. Throughout that time, I remained closely connected to science, both in practice and in perspective.<\/p>\n\n\n\n<p>Today, my research focus is primarily on <strong>shark behavior<\/strong>. My PhD work centered on <strong>shark population genetics<\/strong>, and I have contributed to a range of ocean-oriented research projects, particularly in coral reef ecosystems, often in collaboration with other researchers.<\/p>\n\n\n\n<p>Beyond species-focused research, I am interested in the development of projects related to <strong>rewilding, artificial reefs, and eco-conception<\/strong>, with a consistent interest in understanding and supporting the conditions that allow ecosystems to function at their full potential.<\/p>\n\n\n\n<p>My research approach is grounded in field experience and long-term ecological thinking, with an emphasis on work that can inform both conservation and action.<\/p>\n\n\n\n<figure class=\"wp-block-gallery has-nested-images columns-default is-cropped wp-block-gallery-1 is-layout-flex wp-block-gallery-is-layout-flex\">\n<figure class=\"wp-block-image size-large\"><img fetchpriority=\"high\" decoding=\"async\" width=\"1024\" height=\"768\" data-id=\"1218\" src=\"https:\/\/thomasvignaud.com\/wp-content\/uploads\/2024\/02\/thomrrss.jpg\" alt=\"\" class=\"wp-image-1218\" srcset=\"https:\/\/thomasvignaud.com\/wp-content\/uploads\/2024\/02\/thomrrss.jpg 1024w, https:\/\/thomasvignaud.com\/wp-content\/uploads\/2024\/02\/thomrrss-300x225.jpg 300w, https:\/\/thomasvignaud.com\/wp-content\/uploads\/2024\/02\/thomrrss-150x113.jpg 150w, https:\/\/thomasvignaud.com\/wp-content\/uploads\/2024\/02\/thomrrss-768x576.jpg 768w\" sizes=\"(max-width: 1024px) 100vw, 1024px\" \/><\/figure>\n\n\n\n<figure class=\"wp-block-image size-large\"><img decoding=\"async\" width=\"604\" height=\"402\" data-id=\"1219\" src=\"https:\/\/thomasvignaud.com\/wp-content\/uploads\/2024\/02\/thomRs.jpg\" alt=\"\" class=\"wp-image-1219\" srcset=\"https:\/\/thomasvignaud.com\/wp-content\/uploads\/2024\/02\/thomRs.jpg 604w, https:\/\/thomasvignaud.com\/wp-content\/uploads\/2024\/02\/thomRs-300x200.jpg 300w, https:\/\/thomasvignaud.com\/wp-content\/uploads\/2024\/02\/thomRs-150x100.jpg 150w\" sizes=\"(max-width: 604px) 100vw, 604px\" \/><\/figure>\n\n\n\n<figure class=\"wp-block-image size-large\"><img decoding=\"async\" width=\"604\" height=\"453\" data-id=\"1217\" src=\"https:\/\/thomasvignaud.com\/wp-content\/uploads\/2024\/02\/thomR.jpg\" alt=\"\" class=\"wp-image-1217\" srcset=\"https:\/\/thomasvignaud.com\/wp-content\/uploads\/2024\/02\/thomR.jpg 604w, https:\/\/thomasvignaud.com\/wp-content\/uploads\/2024\/02\/thomR-300x225.jpg 300w, https:\/\/thomasvignaud.com\/wp-content\/uploads\/2024\/02\/thomR-150x113.jpg 150w\" sizes=\"(max-width: 604px) 100vw, 604px\" \/><\/figure>\n<figcaption class=\"blocks-gallery-caption wp-element-caption\"><em>Above: some of my early work on sharks, mainly in the Pacific Ocean<\/em> (the tiger shark was found dead, I never killed any shark)<\/figcaption><\/figure>\n\n\n\n<p><\/p>\n\n\n\n<figure class=\"wp-block-gallery aligncenter has-nested-images columns-default wp-block-gallery-2 is-layout-flex wp-block-gallery-is-layout-flex\">\n<figure class=\"wp-block-image size-large\"><img loading=\"lazy\" decoding=\"async\" width=\"1024\" height=\"774\" data-id=\"1247\" src=\"https:\/\/thomasvignaud.com\/wp-content\/uploads\/2024\/02\/Screenshot-2024-02-11-at-09.19.20-1024x774.jpg\" alt=\"\" class=\"wp-image-1247\" srcset=\"https:\/\/thomasvignaud.com\/wp-content\/uploads\/2024\/02\/Screenshot-2024-02-11-at-09.19.20-1024x774.jpg 1024w, https:\/\/thomasvignaud.com\/wp-content\/uploads\/2024\/02\/Screenshot-2024-02-11-at-09.19.20-300x227.jpg 300w, https:\/\/thomasvignaud.com\/wp-content\/uploads\/2024\/02\/Screenshot-2024-02-11-at-09.19.20-150x113.jpg 150w, https:\/\/thomasvignaud.com\/wp-content\/uploads\/2024\/02\/Screenshot-2024-02-11-at-09.19.20-768x581.jpg 768w, https:\/\/thomasvignaud.com\/wp-content\/uploads\/2024\/02\/Screenshot-2024-02-11-at-09.19.20.jpg 1378w\" sizes=\"(max-width: 1024px) 100vw, 1024px\" \/><\/figure>\n\n\n\n<figure class=\"wp-block-image size-large\"><img loading=\"lazy\" decoding=\"async\" width=\"1024\" height=\"795\" data-id=\"1248\" src=\"https:\/\/thomasvignaud.com\/wp-content\/uploads\/2024\/02\/Screenshot-2024-02-11-at-09.18.55-1024x795.jpg\" alt=\"\" class=\"wp-image-1248\" srcset=\"https:\/\/thomasvignaud.com\/wp-content\/uploads\/2024\/02\/Screenshot-2024-02-11-at-09.18.55-1024x795.jpg 1024w, https:\/\/thomasvignaud.com\/wp-content\/uploads\/2024\/02\/Screenshot-2024-02-11-at-09.18.55-300x233.jpg 300w, https:\/\/thomasvignaud.com\/wp-content\/uploads\/2024\/02\/Screenshot-2024-02-11-at-09.18.55-150x116.jpg 150w, https:\/\/thomasvignaud.com\/wp-content\/uploads\/2024\/02\/Screenshot-2024-02-11-at-09.18.55-768x596.jpg 768w, https:\/\/thomasvignaud.com\/wp-content\/uploads\/2024\/02\/Screenshot-2024-02-11-at-09.18.55-1536x1193.jpg 1536w, https:\/\/thomasvignaud.com\/wp-content\/uploads\/2024\/02\/Screenshot-2024-02-11-at-09.18.55.jpg 1625w\" sizes=\"(max-width: 1024px) 100vw, 1024px\" \/><\/figure>\n<figcaption class=\"blocks-gallery-caption wp-element-caption\"><em><em>Above: example of Figures from my papers on sharks population genetics<\/em><\/em><\/figcaption><\/figure>\n\n\n\n<div style=\"height:82px\" aria-hidden=\"true\" class=\"wp-block-spacer\"><\/div>\n\n\n\n<p><\/p>\n\n\n\n<p>In Fiji I created The Awakening Shark Dive, based on the concept I develop on the <a href=\"http:\/\/sharkserenity.com\/\" data-type=\"link\" data-id=\"http:\/\/sharkserenity.com\/\" target=\"_blank\" rel=\"noreferrer noopener\">Serenity Project<\/a> and working together with <a href=\"https:\/\/www.barefootsharkencounters.com\/\" target=\"_blank\" rel=\"noreferrer noopener\">The Barefoot Collection<\/a> from the island of <a href=\"https:\/\/www.barefootkuatafiji.com\/\" target=\"_blank\" rel=\"noreferrer noopener\">Kuata<\/a>. I recently published <a href=\"https:\/\/brill.com\/view\/journals\/beh\/160\/11-14\/article-p1283_11.xml\" target=\"_blank\" rel=\"noreferrer noopener\">an article on bull shark personalities<\/a>, and we are working with funds from <a href=\"https:\/\/etho-predator.fr\/en\/\" target=\"_blank\" rel=\"noreferrer noopener\">EthoPredator<\/a> to grow this research to new level. One way to do this is by supervising <a href=\"https:\/\/sharksandcorals.com\/shark-phd\/\" target=\"_blank\" rel=\"noreferrer noopener\">Jan&#8217;s PhD<\/a> in a still ongoing success with many great results to be published soon. I also supervise other student&#8217;s work on other local projects such as coral or smaller sharks.<\/p>\n\n\n\n<p>I am still the scientific and technical referent to everything that happens there underwater, from developing new techniques and equipment to adapting and improving everything we do.<\/p>\n\n\n\n<figure class=\"wp-block-gallery has-nested-images columns-default is-cropped wp-block-gallery-3 is-layout-flex wp-block-gallery-is-layout-flex\">\n<figure class=\"wp-block-image size-large\"><img loading=\"lazy\" decoding=\"async\" width=\"1024\" height=\"683\" data-id=\"1253\" src=\"https:\/\/thomasvignaud.com\/wp-content\/uploads\/2024\/02\/20171214-SDNP3500-1024x683.jpg\" alt=\"\" class=\"wp-image-1253\" srcset=\"https:\/\/thomasvignaud.com\/wp-content\/uploads\/2024\/02\/20171214-SDNP3500-1024x683.jpg 1024w, https:\/\/thomasvignaud.com\/wp-content\/uploads\/2024\/02\/20171214-SDNP3500-300x200.jpg 300w, https:\/\/thomasvignaud.com\/wp-content\/uploads\/2024\/02\/20171214-SDNP3500-150x100.jpg 150w, https:\/\/thomasvignaud.com\/wp-content\/uploads\/2024\/02\/20171214-SDNP3500-768x512.jpg 768w, https:\/\/thomasvignaud.com\/wp-content\/uploads\/2024\/02\/20171214-SDNP3500.jpg 1200w\" sizes=\"(max-width: 1024px) 100vw, 1024px\" \/><\/figure>\n\n\n\n<figure class=\"wp-block-image size-large\"><img loading=\"lazy\" decoding=\"async\" width=\"1024\" height=\"682\" data-id=\"1252\" src=\"https:\/\/thomasvignaud.com\/wp-content\/uploads\/2024\/02\/A7R04916-1024x682.jpg\" alt=\"\" class=\"wp-image-1252\" srcset=\"https:\/\/thomasvignaud.com\/wp-content\/uploads\/2024\/02\/A7R04916-1024x682.jpg 1024w, https:\/\/thomasvignaud.com\/wp-content\/uploads\/2024\/02\/A7R04916-300x200.jpg 300w, https:\/\/thomasvignaud.com\/wp-content\/uploads\/2024\/02\/A7R04916-150x100.jpg 150w, https:\/\/thomasvignaud.com\/wp-content\/uploads\/2024\/02\/A7R04916-768x512.jpg 768w, https:\/\/thomasvignaud.com\/wp-content\/uploads\/2024\/02\/A7R04916.jpg 1400w\" sizes=\"(max-width: 1024px) 100vw, 1024px\" \/><\/figure>\n<figcaption class=\"blocks-gallery-caption wp-element-caption\"><em>Above: Working with bull sharks in Fiji, focusing on their personalities and consequences to management<\/em><\/figcaption><\/figure>\n\n\n\n<div style=\"height:82px\" aria-hidden=\"true\" class=\"wp-block-spacer\"><\/div>\n\n\n\n<p><\/p>\n\n\n\n<p>In parallel I work with <a href=\"https:\/\/bluealliance.earth\/\" target=\"_blank\" rel=\"noreferrer noopener\"><strong>Blue Alliance, Marine Protected Areas<\/strong><\/a> as an advisor for research projects as well as for developing Eco-touristic approaches. <\/p>\n\n\n\n<div style=\"height:82px\" aria-hidden=\"true\" class=\"wp-block-spacer\"><\/div>\n\n\n\n<p>More recently I worked on the island of Mayotte as the Director of Operation for the <a href=\"https:\/\/pi2m.yt\/fr\/accueil\" target=\"_blank\" rel=\"noreferrer noopener\">PI2M <\/a>project. We focus on sustainable development using tools such as research, innovation, and an extended network on both green and blue economy. <\/p>\n\n\n\n<figure class=\"wp-block-gallery has-nested-images columns-default wp-block-gallery-4 is-layout-flex wp-block-gallery-is-layout-flex\">\n<figure class=\"wp-block-image size-large\"><img loading=\"lazy\" decoding=\"async\" width=\"1024\" height=\"683\" data-id=\"1258\" src=\"https:\/\/thomasvignaud.com\/wp-content\/uploads\/2024\/02\/ForumEcophoto1-1024x683.jpg\" alt=\"\" class=\"wp-image-1258\" srcset=\"https:\/\/thomasvignaud.com\/wp-content\/uploads\/2024\/02\/ForumEcophoto1-1024x683.jpg 1024w, https:\/\/thomasvignaud.com\/wp-content\/uploads\/2024\/02\/ForumEcophoto1-300x200.jpg 300w, https:\/\/thomasvignaud.com\/wp-content\/uploads\/2024\/02\/ForumEcophoto1-150x100.jpg 150w, https:\/\/thomasvignaud.com\/wp-content\/uploads\/2024\/02\/ForumEcophoto1-768x512.jpg 768w, https:\/\/thomasvignaud.com\/wp-content\/uploads\/2024\/02\/ForumEcophoto1-1536x1024.jpg 1536w, https:\/\/thomasvignaud.com\/wp-content\/uploads\/2024\/02\/ForumEcophoto1.jpg 2048w\" sizes=\"(max-width: 1024px) 100vw, 1024px\" \/><\/figure>\n\n\n\n<figure class=\"wp-block-image size-large\"><img loading=\"lazy\" decoding=\"async\" width=\"891\" height=\"1024\" data-id=\"1259\" src=\"https:\/\/thomasvignaud.com\/wp-content\/uploads\/2024\/02\/Laboratoire-scientifique-PER-Coconi-Vigier-29112023-IMG_4413-jpg-891x1024.jpg\" alt=\"\" class=\"wp-image-1259\" srcset=\"https:\/\/thomasvignaud.com\/wp-content\/uploads\/2024\/02\/Laboratoire-scientifique-PER-Coconi-Vigier-29112023-IMG_4413-jpg-891x1024.jpg 891w, https:\/\/thomasvignaud.com\/wp-content\/uploads\/2024\/02\/Laboratoire-scientifique-PER-Coconi-Vigier-29112023-IMG_4413-jpg-261x300.jpg 261w, https:\/\/thomasvignaud.com\/wp-content\/uploads\/2024\/02\/Laboratoire-scientifique-PER-Coconi-Vigier-29112023-IMG_4413-jpg-131x150.jpg 131w, https:\/\/thomasvignaud.com\/wp-content\/uploads\/2024\/02\/Laboratoire-scientifique-PER-Coconi-Vigier-29112023-IMG_4413-jpg-768x883.jpg 768w, https:\/\/thomasvignaud.com\/wp-content\/uploads\/2024\/02\/Laboratoire-scientifique-PER-Coconi-Vigier-29112023-IMG_4413-jpg-1337x1536.jpg 1337w, https:\/\/thomasvignaud.com\/wp-content\/uploads\/2024\/02\/Laboratoire-scientifique-PER-Coconi-Vigier-29112023-IMG_4413-jpg.jpg 1536w\" sizes=\"(max-width: 891px) 100vw, 891px\" \/><\/figure>\n<figcaption class=\"blocks-gallery-caption wp-element-caption\"><em>Left: at the economic forum of Mayotte          &#8212;      Right: with the french ministry of oversea territories <\/em><\/figcaption><\/figure>\n\n\n\n<div style=\"height:82px\" aria-hidden=\"true\" class=\"wp-block-spacer\"><\/div>\n\n\n\n<p><\/p>\n\n\n\n<p><\/p>\n\n\n\n<p>  <a href=\"https:\/\/www.researchgate.net\/profile\/Thomas-Vignaud-2\" target=\"_blank\" rel=\"noopener\"><strong>ResearchGate profile<\/strong><\/a><\/p>\n\n\n\n<p><\/p>\n\n\n\n<p><\/p>\n\n\n\n<p><strong>Papers:<\/strong><\/p>\n\n\n\n<p class=\"has-small-font-size\">\u2013 Bierwirth, J., <strong>Vignaud, T.<\/strong>, S\u00e9guigne, C., &amp; Clua, E. (2025). Opportunities for science in touristic shark feeding aggregations &#8211; A review. <em>Global Ecology and Conservation<\/em>, 62, e03690. <a href=\"https:\/\/doi.org\/10.1016\/j.gecco.2025.e03690\" target=\"_blank\" rel=\"noreferrer noopener\">https:\/\/doi.org\/10.1016\/j.gecco.2025.e03690<\/a><\/p>\n\n\n\n<p class=\"has-small-font-size\">\u2013 Clua, E. E. G., <strong>Vignaud, T.<\/strong>, &amp; Wirsing, A. J. (2025). The Talion law \u201ctooth for a tooth\u201d: self-defense as a motivation for shark bites on human aggressors. <em>Frontiers in Conservation Science<\/em>, 6, 1562502. <a href=\"https:\/\/www.google.com\/search?q=https:\/\/doi.org\/10.3389\/fcosc.2025.1562502\" target=\"_blank\" rel=\"noreferrer noopener\">https:\/\/doi.org\/10.3389\/fcosc.2025.1562502<\/a><\/p>\n\n\n\n<p class=\"has-small-font-size\">\u2013 Clua, E. E. G., Meyer, C. G., Freeman, M., Baksay, S., Bidenbach, H., Haguenauer, A., Linnell, J. D. C., S\u00e9guigne, C., Surina, S., Vely, M., <strong>Vignaud, T.<\/strong>, &amp; Planes, S. (2024). First evidence of individual sharks involved in multiple predatory bites on people. <em>Conservation Letters<\/em>, e13067. <a href=\"https:\/\/doi.org\/10.1111\/conl.13067\" target=\"_blank\" rel=\"noreferrer noopener\">https:\/\/doi.org\/10.1111\/conl.13067<\/a><\/p>\n\n\n\n<p class=\"has-small-font-size\">&#8211; <strong>Vignaud, T.<\/strong>, Meyer, C., S\u00e9guigne, C., Bierwirth, J., &amp; Clua, E. (2023). Examining individual behavioural variation in wild adult bull sharks (<em>Carcharhinus leucas<\/em>) suggests divergent personalities. Behaviour, 160(11-14), 1283-1301. https:\/\/doi.org\/10.1163\/1568539X-bja10244<\/p>\n\n\n\n<p class=\"has-small-font-size\">&#8211; S\u00e9guigne, C., <strong>Vignaud, T.<\/strong>, Meyer, C., Bierwirth, J., &amp; Clua, \u00c9. (2023). Evidence of long-lasting memory of a free-ranging top marine predator, the bull shark <em>Carcharhinus leucas<\/em>. <em>Behaviour<\/em>, <em>160<\/em>(11-14), 1303-1318. <a href=\"https:\/\/doi.org\/10.1163\/1568539X-bja10240\" target=\"_blank\" rel=\"noreferrer noopener\">https:\/\/doi.org\/10.1163\/1568539X-bja10240<\/a><\/p>\n\n\n\n<p class=\"has-small-font-size\">&#8211; Lesturgie, P., Braun, C. D., Clua, E., Mourier, J., Thorrold, S. R., <strong>Vignaud, T<\/strong>., Planes, S., &amp; Mona, S. (2023). Like a rolling stone: Colonization and migration dynamics of the gray reef shark (<em>Carcharhinus amblyrhynchos<\/em>). <em>Ecology and Evolution<\/em>, 13, e9746. <a href=\"https:\/\/doi.org\/10.1002\/ece3.9746\">https:\/\/doi.org\/10.1002\/ece3.9746<\/a><\/p>\n\n\n\n<p class=\"has-small-font-size\">&#8211; S\u00e9guigne, C., Mourier, J., <strong>Vignaud, T.<\/strong>, Buray, N., &amp; Clua, \u00c9. (2022). Effects of a COVID-19 lockdown-induced pause and resumption of artificial provisioning on blacktip reef sharks (<em>Carcharhinus melanopterus<\/em>) and pink whiprays (<em>Pateobatis fai<\/em>) in French Polynesia (East-Pacific). <em>Ethology<\/em>, 128, 119\u2013130. <a href=\"https:\/\/doi.org\/10.1111\/eth.13246\">https:\/\/doi.org\/10.1111\/eth.13246<\/a><\/p>\n\n\n\n<p class=\"has-small-font-size\">&#8211; E. E. G. Clua, C. Meyer, J. Linnell, S. Baksay, A. Haguenauer, M. Vely, <strong>T. Vignaud<\/strong>, S. Planes. (2022) Using genetic profiling for short and long term improved and eco-responsible management of shark problem individuals. https:\/\/doi.org\/10.21203\/rs.3.rs-549718\/v3<\/p>\n\n\n\n<p class=\"has-small-font-size\">&#8211; Brunnschweiler, J. M., <strong>T. M. Vignaud<\/strong>, I. M. C\u00f4t\u00e9, and A., Maljkovi\u0107. 2020. The costs of cohabiting: the case of sharksuckers (<em>Echeneis naucrates<\/em>) and their hosts at shark provisioning sites. <em>Ecology<\/em>101(12):e03160. <a href=\"https:\/\/doi.org\/10.1002\/ecy.3160\" target=\"_blank\" rel=\"noreferrer noopener\">10.1002\/ecy.3160<\/a><\/p>\n\n\n\n<p class=\"has-small-font-size\">&#8211; Clua, E and <strong>Vignaud T. <\/strong>(2016) Possible collapse of reef shark populations in remote coral reef ecosystems<strong><em> <\/em><\/strong>in the Coral Sea (Western Pacific). <em>Cybium <\/em>2016, 40(1): 51-59.<\/p>\n\n\n\n<p class=\"has-small-font-size\">&#8211; <strong>Vignaud TM<\/strong>, Maynard JA, Leblois R, Meekan MG, V\u00e1zquez-Ju\u00e1rez R, Ram\u00edrez-Mac\u00edas D, Pierce SJ, Rowat D, Berumen ML, Beeravolu C, Baksay S, Planes S (2014) Genetic structure of populations of whale sharks among ocean basins and evidence for their historic rise and recent decline. Molecular Ecology, 23: 2590\u20132601. doi: 10.1111\/mec.12754<br><br>&#8211; <strong>Vignaud TM<\/strong>, Mourier J, Maynard JA, Leblois R, Spaet J, Clua E, Neglia V, Planes S (2014) Blacktip reef sharks, <em>Carcharhinus melanopterus<\/em>, have high genetic structure and varying demographic histories in their Indo-Pacific range. Molecular Ecology, 23: 5193-5207. doi: 10.1111\/mec.12936<\/p>\n\n\n\n<p class=\"has-small-font-size\">&#8211; <strong>Vignaud TM<\/strong>, Clua E, Mourier J, Maynard J, Planes S (2013) Microsatellite Analyses of Blacktip Reef Sharks (<em>Carcharhinus melanopterus<\/em>) in a Fragmented Environment Show Structured Clusters. PLoS ONE 8(4): e61067. doi:10.1371\/journal.pone.0061067<\/p>\n\n\n\n<p class=\"has-small-font-size\"><br><\/p>\n\n\n\n<p class=\"has-small-font-size\"><br><\/p>\n","protected":false},"excerpt":{"rendered":"<p>Scientific research has not always been my primary occupation. I spent several years working in the private sector, and later in fundraising and the management of large-scale sustainable development projects. Throughout that time, I remained closely connected to science, both in practice and in perspective. Today, my research focus is primarily on shark behavior. My [&hellip;]<\/p>\n","protected":false},"author":1,"featured_media":0,"parent":0,"menu_order":0,"comment_status":"closed","ping_status":"closed","template":"","meta":{"footnotes":""},"class_list":["post-501","page","type-page","status-publish","hentry","entry"],"_links":{"self":[{"href":"https:\/\/thomasvignaud.com\/index.php\/wp-json\/wp\/v2\/pages\/501","targetHints":{"allow":["GET"]}}],"collection":[{"href":"https:\/\/thomasvignaud.com\/index.php\/wp-json\/wp\/v2\/pages"}],"about":[{"href":"https:\/\/thomasvignaud.com\/index.php\/wp-json\/wp\/v2\/types\/page"}],"author":[{"embeddable":true,"href":"https:\/\/thomasvignaud.com\/index.php\/wp-json\/wp\/v2\/users\/1"}],"replies":[{"embeddable":true,"href":"https:\/\/thomasvignaud.com\/index.php\/wp-json\/wp\/v2\/comments?post=501"}],"version-history":[{"count":38,"href":"https:\/\/thomasvignaud.com\/index.php\/wp-json\/wp\/v2\/pages\/501\/revisions"}],"predecessor-version":[{"id":1338,"href":"https:\/\/thomasvignaud.com\/index.php\/wp-json\/wp\/v2\/pages\/501\/revisions\/1338"}],"wp:attachment":[{"href":"https:\/\/thomasvignaud.com\/index.php\/wp-json\/wp\/v2\/media?parent=501"}],"curies":[{"name":"wp","href":"https:\/\/api.w.org\/{rel}","templated":true}]}}